{"id":156,"date":"2025-11-08T16:09:43","date_gmt":"2025-11-08T16:09:43","guid":{"rendered":"https:\/\/kynthiatravel.com\/?page_id=156"},"modified":"2025-11-08T23:25:54","modified_gmt":"2025-11-08T23:25:54","slug":"alojamiento-corporativo","status":"publish","type":"page","link":"https:\/\/kynthiatravel.com\/index.php\/alojamiento-corporativo\/","title":{"rendered":"Alojamiento corporativo"},"content":{"rendered":"\n<main class=\"wp-block-group animated fadeInUp about-us-section has-background has-global-padding is-layout-constrained wp-container-core-group-is-layout-322c0e5d wp-block-group-is-layout-constrained\" style=\"border-radius:100px;background:linear-gradient(135deg,rgb(41,83,100) 0%,rgb(24,64,68) 11%,rgb(23,84,106) 46%,rgb(164,225,225) 100%);margin-top:0;margin-bottom:0;padding-top:var(--wp--preset--spacing--50);padding-right:0;padding-bottom:var(--wp--preset--spacing--50);padding-left:0\">\n<div class=\"wp-block-group is-layout-flow wp-block-group-is-layout-flow\" style=\"padding-right:25px;padding-left:25px\">\n<div class=\"wp-block-columns are-vertically-aligned-center is-layout-flex wp-container-core-columns-is-layout-7fc3d43a wp-block-columns-is-layout-flex\">\n<div class=\"wp-block-column is-vertically-aligned-center is-layout-flow wp-block-column-is-layout-flow\">\n<h2 class=\"wp-block-heading has-heading-text-color-color has-text-color has-link-color has-body-font-family wp-elements-3a58396a6a57ef63ba7ae1ff8e10af19\" style=\"font-size:clamp(20px, 1.25rem + ((1vw - 3.2px) * 1.176), 32px);font-style:normal;font-weight:600\">Alojamientos para trabajadores<br><\/h2>\n\n\n\n<p style=\"font-size:clamp(14px, 0.875rem + ((1vw - 3.2px) * 0.196), 16px);\">En <strong>Kynthia Travel<\/strong> ofrecemos <strong>alojamientos corporativos<\/strong> totalmente equipados para empresas que desplazan personal por obra, mantenimiento, log\u00edstica, construcci\u00f3n, energ\u00eda, industria y proyectos temporales. Disponemos de <strong>pisos para empresas<\/strong>, <strong>alojamiento para trabajadores<\/strong> y opciones <strong>llave en mano<\/strong> en zonas estrat\u00e9gicas de <strong>Espa\u00f1a, Portugal y Baleares<\/strong>, cercanas a pol\u00edgonos industriales, puertos, astilleros, zonas ferroviarias y \u00e1reas log\u00edsticas.<\/p>\n\n\n\n<p>Nuestros <strong>pisos corporativos<\/strong> incluyen mobiliario completo, menaje, ropa de cama, WiFi y suministros en la mayor\u00eda de los casos, con <strong>contratos flexibles<\/strong>, facturaci\u00f3n profesional y tarifas adaptadas a estancias largas. <strong>Sin gastos ocultos y, en la mayor\u00eda de los alojamientos, sin fianza<\/strong>, para que las empresas puedan alojar a su personal de forma r\u00e1pida y sin complicaciones.<\/p>\n\n\n\n<p>Trabajamos con compa\u00f1\u00edas nacionales e internacionales, subcontratas, grandes corporaciones y empresas de energ\u00eda, obra p\u00fablica, log\u00edstica y servicios t\u00e9cnicos especializados. Nuestro equipo gestiona todo: entrega de llaves, limpieza, asistencia y soporte 24\/7, garantizando que tus trabajadores vivan c\u00f3modos mientras tu empresa se despreocupa de la gesti\u00f3n.<\/p>\n\n\n\n<p style=\"font-size:clamp(14px, 0.875rem + ((1vw - 3.2px) * 0.196), 16px);\">Si buscas <strong>alojamiento para empresas<\/strong>, <strong>pisos para trabajadores desplazados<\/strong>, o una soluci\u00f3n r\u00e1pida, c\u00f3moda y transparente, Kynthia Travel es tu aliado. Contacta con nosotros y te ofreceremos disponibilidad inmediata cerca de tu zona de trabajo.<\/p>\n<\/div>\n\n\n\n<div class=\"wp-block-column is-layout-flow wp-block-column-is-layout-flow\">\n<figure class=\"wp-block-image aligncenter size-large is-resized has-custom-border\"><img loading=\"lazy\" decoding=\"async\" width=\"1024\" height=\"683\" src=\"http:\/\/kynthiatravel.com\/wp-content\/uploads\/2025\/11\/ChatGPT-Image-9-nov-2025-00_07_47-1024x683.png\" alt=\"\" class=\"wp-image-216\" style=\"border-radius:100px;width:331px;height:auto\" srcset=\"https:\/\/kynthiatravel.com\/wp-content\/uploads\/2025\/11\/ChatGPT-Image-9-nov-2025-00_07_47-1024x683.png 1024w, https:\/\/kynthiatravel.com\/wp-content\/uploads\/2025\/11\/ChatGPT-Image-9-nov-2025-00_07_47-300x200.png 300w, https:\/\/kynthiatravel.com\/wp-content\/uploads\/2025\/11\/ChatGPT-Image-9-nov-2025-00_07_47-768x512.png 768w, https:\/\/kynthiatravel.com\/wp-content\/uploads\/2025\/11\/ChatGPT-Image-9-nov-2025-00_07_47.png 1536w\" sizes=\"auto, (max-width: 1024px) 100vw, 1024px\" \/><\/figure>\n\n\n\n<figure class=\"wp-block-image aligncenter size-full is-resized has-custom-border\" style=\"margin-top:var(--wp--preset--spacing--20);margin-right:0;margin-bottom:var(--wp--preset--spacing--20);margin-left:0\"><img loading=\"lazy\" decoding=\"async\" width=\"614\" height=\"614\" src=\"http:\/\/kynthiatravel.com\/wp-content\/uploads\/2024\/02\/dormitorio-matrimonio-1.webp\" alt=\"\" class=\"wp-image-107\" style=\"border-radius:53px;width:284px;height:auto\" srcset=\"https:\/\/kynthiatravel.com\/wp-content\/uploads\/2024\/02\/dormitorio-matrimonio-1.webp 614w, https:\/\/kynthiatravel.com\/wp-content\/uploads\/2024\/02\/dormitorio-matrimonio-1-300x300.webp 300w, https:\/\/kynthiatravel.com\/wp-content\/uploads\/2024\/02\/dormitorio-matrimonio-1-150x150.webp 150w\" sizes=\"auto, (max-width: 614px) 100vw, 614px\" \/><\/figure>\n\n\n\n<figure class=\"wp-block-image aligncenter size-large is-resized has-custom-border\"><img loading=\"lazy\" decoding=\"async\" width=\"1024\" height=\"683\" src=\"https:\/\/kynthiatravel.com\/wp-content\/uploads\/2025\/11\/ChatGPT-Image-9-nov-2025-00_22_39-1024x683.png\" alt=\"\" class=\"wp-image-217\" style=\"border-radius:100px;width:385px;height:auto\" srcset=\"https:\/\/kynthiatravel.com\/wp-content\/uploads\/2025\/11\/ChatGPT-Image-9-nov-2025-00_22_39-1024x683.png 1024w, https:\/\/kynthiatravel.com\/wp-content\/uploads\/2025\/11\/ChatGPT-Image-9-nov-2025-00_22_39-300x200.png 300w, https:\/\/kynthiatravel.com\/wp-content\/uploads\/2025\/11\/ChatGPT-Image-9-nov-2025-00_22_39-768x512.png 768w, https:\/\/kynthiatravel.com\/wp-content\/uploads\/2025\/11\/ChatGPT-Image-9-nov-2025-00_22_39.png 1536w\" sizes=\"auto, (max-width: 1024px) 100vw, 1024px\" \/><\/figure>\n<\/div>\n<\/div>\n<\/div>\n<\/main>\n","protected":false},"excerpt":{"rendered":"<p>Alojamientos para trabajadores En Kynthia Travel ofrecemos alojamientos corporativos totalmente equipados para empresas que desplazan personal por obra, mantenimiento, log\u00edstica, construcci\u00f3n, energ\u00eda, industria y proyectos temporales. Disponemos de pisos para empresas, alojamiento para trabajadores y opciones llave en mano en zonas estrat\u00e9gicas de Espa\u00f1a, Portugal y Baleares, cercanas a pol\u00edgonos industriales, puertos, astilleros, zonas ferroviarias [&hellip;]<\/p>\n","protected":false},"author":1,"featured_media":0,"parent":0,"menu_order":0,"comment_status":"closed","ping_status":"closed","template":"","meta":{"_acf_changed":false,"footnotes":""},"class_list":["post-156","page","type-page","status-publish","hentry"],"acf":[],"_links":{"self":[{"href":"https:\/\/kynthiatravel.com\/index.php\/wp-json\/wp\/v2\/pages\/156","targetHints":{"allow":["GET"]}}],"collection":[{"href":"https:\/\/kynthiatravel.com\/index.php\/wp-json\/wp\/v2\/pages"}],"about":[{"href":"https:\/\/kynthiatravel.com\/index.php\/wp-json\/wp\/v2\/types\/page"}],"author":[{"embeddable":true,"href":"https:\/\/kynthiatravel.com\/index.php\/wp-json\/wp\/v2\/users\/1"}],"replies":[{"embeddable":true,"href":"https:\/\/kynthiatravel.com\/index.php\/wp-json\/wp\/v2\/comments?post=156"}],"version-history":[{"count":3,"href":"https:\/\/kynthiatravel.com\/index.php\/wp-json\/wp\/v2\/pages\/156\/revisions"}],"predecessor-version":[{"id":218,"href":"https:\/\/kynthiatravel.com\/index.php\/wp-json\/wp\/v2\/pages\/156\/revisions\/218"}],"wp:attachment":[{"href":"https:\/\/kynthiatravel.com\/index.php\/wp-json\/wp\/v2\/media?parent=156"}],"curies":[{"name":"wp","href":"https:\/\/api.w.org\/{rel}","templated":true}]}}