{"id":191,"date":"2025-11-09T00:02:51","date_gmt":"2025-11-09T00:02:51","guid":{"rendered":"https:\/\/kynthiatravel.com\/?page_id=191"},"modified":"2025-11-09T00:09:42","modified_gmt":"2025-11-09T00:09:42","slug":"alojamientos-vip-de-lujo-con-discrecion-absoluta","status":"publish","type":"page","link":"https:\/\/kynthiatravel.com\/index.php\/alojamientos-vip-de-lujo-con-discrecion-absoluta\/","title":{"rendered":"Alojamientos VIP de Lujo con Discreci\u00f3n Absoluta"},"content":{"rendered":"\n<main class=\"wp-block-group animated fadeInUp about-us-section has-background has-global-padding is-layout-constrained wp-container-core-group-is-layout-322c0e5d wp-block-group-is-layout-constrained\" style=\"border-radius:43px;background:linear-gradient(135deg,rgb(249,209,129) 18%,rgb(109,103,138) 55%);margin-top:0;margin-bottom:0;padding-top:var(--wp--preset--spacing--50);padding-right:0;padding-bottom:var(--wp--preset--spacing--50);padding-left:0\">\n<div class=\"wp-block-group is-layout-flow wp-block-group-is-layout-flow\" style=\"padding-right:25px;padding-left:25px\">\n<div class=\"wp-block-columns are-vertically-aligned-center is-layout-flex wp-container-core-columns-is-layout-7fc3d43a wp-block-columns-is-layout-flex\">\n<div class=\"wp-block-column is-vertically-aligned-center is-layout-flow wp-block-column-is-layout-flow\">\n<figure class=\"wp-block-image aligncenter size-full is-resized has-custom-border wp-duotone-unset-1\" style=\"margin-top:var(--wp--preset--spacing--20);margin-bottom:var(--wp--preset--spacing--20)\"><img loading=\"lazy\" decoding=\"async\" width=\"1536\" height=\"1024\" src=\"https:\/\/kynthiatravel.com\/wp-content\/uploads\/2025\/11\/apartamento-de-lujo.png\" alt=\"\" class=\"wp-image-219\" style=\"border-radius:68px;object-fit:cover;width:462px;height:auto\" srcset=\"https:\/\/kynthiatravel.com\/wp-content\/uploads\/2025\/11\/apartamento-de-lujo.png 1536w, https:\/\/kynthiatravel.com\/wp-content\/uploads\/2025\/11\/apartamento-de-lujo-300x200.png 300w, https:\/\/kynthiatravel.com\/wp-content\/uploads\/2025\/11\/apartamento-de-lujo-1024x683.png 1024w, https:\/\/kynthiatravel.com\/wp-content\/uploads\/2025\/11\/apartamento-de-lujo-768x512.png 768w\" sizes=\"auto, (max-width: 1536px) 100vw, 1536px\" \/><\/figure>\n\n\n\n<figure class=\"wp-block-image aligncenter size-large is-resized has-custom-border\"><img loading=\"lazy\" decoding=\"async\" width=\"1024\" height=\"683\" src=\"https:\/\/kynthiatravel.com\/wp-content\/uploads\/2025\/11\/salon-de-lujo-vip-1024x683.png\" alt=\"\" class=\"wp-image-221\" style=\"border-radius:68px;width:478px;height:auto\" srcset=\"https:\/\/kynthiatravel.com\/wp-content\/uploads\/2025\/11\/salon-de-lujo-vip-1024x683.png 1024w, https:\/\/kynthiatravel.com\/wp-content\/uploads\/2025\/11\/salon-de-lujo-vip-300x200.png 300w, https:\/\/kynthiatravel.com\/wp-content\/uploads\/2025\/11\/salon-de-lujo-vip-768x512.png 768w, https:\/\/kynthiatravel.com\/wp-content\/uploads\/2025\/11\/salon-de-lujo-vip.png 1536w\" sizes=\"auto, (max-width: 1024px) 100vw, 1024px\" \/><\/figure>\n\n\n\n<figure class=\"wp-block-image aligncenter size-large is-resized has-custom-border\" style=\"margin-top:var(--wp--preset--spacing--20);margin-bottom:var(--wp--preset--spacing--20)\"><img loading=\"lazy\" decoding=\"async\" width=\"1024\" height=\"683\" src=\"https:\/\/kynthiatravel.com\/wp-content\/uploads\/2025\/11\/habitacion-alojamiento-de-lujo-1024x683.png\" alt=\"\" class=\"wp-image-222\" style=\"border-radius:68px;width:479px;height:auto\" srcset=\"https:\/\/kynthiatravel.com\/wp-content\/uploads\/2025\/11\/habitacion-alojamiento-de-lujo-1024x683.png 1024w, https:\/\/kynthiatravel.com\/wp-content\/uploads\/2025\/11\/habitacion-alojamiento-de-lujo-300x200.png 300w, https:\/\/kynthiatravel.com\/wp-content\/uploads\/2025\/11\/habitacion-alojamiento-de-lujo-768x512.png 768w, https:\/\/kynthiatravel.com\/wp-content\/uploads\/2025\/11\/habitacion-alojamiento-de-lujo.png 1536w\" sizes=\"auto, (max-width: 1024px) 100vw, 1024px\" \/><\/figure>\n<\/div>\n\n\n\n<div class=\"wp-block-column is-vertically-aligned-center is-layout-flow wp-block-column-is-layout-flow\">\n<p class=\"consultingwp-sub-title\"><\/p>\n\n\n\n<h2 class=\"wp-block-heading has-heading-text-color-color has-text-color has-link-color has-body-font-family wp-elements-9694e131f2ffebf69aacacb2e4cfa76a\" style=\"font-size:clamp(20px, 1.25rem + ((1vw - 3.2px) * 1.176), 32px);font-style:normal;font-weight:600\">Villas y alojamientos VIP de lujo con discreci\u00f3n absoluta y servicios premium, adaptados a clientes de alto perfil.<\/h2>\n\n\n\n<p style=\"font-size:clamp(14px, 0.875rem + ((1vw - 3.2px) * 0.196), 16px);\">En Kynthia Travel ofrecemos <strong>alojamientos VIP de lujo con absoluta discreci\u00f3n<\/strong>, dise\u00f1ados para clientes que buscan comodidad, privacidad y un nivel superior de atenci\u00f3n. Disponemos de <strong>villas, chalets y mansiones de alto standing<\/strong> en zonas exclusivas de Espa\u00f1a, Portugal y Baleares, preparados para estancias privadas donde la confidencialidad es prioridad.<\/p>\n\n\n\n<p style=\"font-size:clamp(14px, 0.875rem + ((1vw - 3.2px) * 0.196), 16px);\"><\/p>\n\n\n\n<p>Nuestras propiedades cuentan con espacios amplios, habitaciones premium, zonas exteriores, piscina, Smart TV, Wifi de alta velocidad, climatizaci\u00f3n y un dise\u00f1o moderno y confortable. Cada alojamiento est\u00e1 equipado para disfrutar de una estancia tranquila, elegante y sin interrupciones.<\/p>\n\n\n\n<p><\/p>\n\n\n\n<p>Adem\u00e1s, ofrecemos <strong>servicios premium bajo solicitud<\/strong>: limpieza privada, ch\u00f3fer, traslados, catering, organizaci\u00f3n de eventos \u00edntimos, seguridad personalizada y asistencia 24\/7. <\/p>\n\n\n\n<p>Todo con <strong>trato directo, m\u00e1xima discreci\u00f3n y confidencialidad<\/strong>.<\/p>\n\n\n\n<p>Este servicio est\u00e1 dirigido a <strong>clientes de alto perfil<\/strong>, empresas, directivos, figuras p\u00fablicas, equipos profesionales, invitados privados o cualquier persona que requiera una estancia de lujo sin exposici\u00f3n ni tr\u00e1mites complejos.<\/p>\n\n\n\n<p style=\"font-size:clamp(14px, 0.875rem + ((1vw - 3.2px) * 0.196), 16px);\">Tu tranquilidad es nuestra prioridad.<\/p>\n\n\n\n<p style=\"font-size:clamp(14px, 0.875rem + ((1vw - 3.2px) * 0.196), 16px);\"><br><strong>Privacidad, confort, seguridad y atenci\u00f3n personalizada.<\/strong><\/p>\n<\/div>\n<\/div>\n<\/div>\n<\/main>\n","protected":false},"excerpt":{"rendered":"<p>Villas y alojamientos VIP de lujo con discreci\u00f3n absoluta y servicios premium, adaptados a clientes de alto perfil. En Kynthia Travel ofrecemos alojamientos VIP de lujo con absoluta discreci\u00f3n, dise\u00f1ados para clientes que buscan comodidad, privacidad y un nivel superior de atenci\u00f3n. Disponemos de villas, chalets y mansiones de alto standing en zonas exclusivas de [&hellip;]<\/p>\n","protected":false},"author":1,"featured_media":0,"parent":0,"menu_order":0,"comment_status":"closed","ping_status":"closed","template":"","meta":{"_acf_changed":false,"footnotes":""},"class_list":["post-191","page","type-page","status-publish","hentry"],"acf":[],"_links":{"self":[{"href":"https:\/\/kynthiatravel.com\/index.php\/wp-json\/wp\/v2\/pages\/191","targetHints":{"allow":["GET"]}}],"collection":[{"href":"https:\/\/kynthiatravel.com\/index.php\/wp-json\/wp\/v2\/pages"}],"about":[{"href":"https:\/\/kynthiatravel.com\/index.php\/wp-json\/wp\/v2\/types\/page"}],"author":[{"embeddable":true,"href":"https:\/\/kynthiatravel.com\/index.php\/wp-json\/wp\/v2\/users\/1"}],"replies":[{"embeddable":true,"href":"https:\/\/kynthiatravel.com\/index.php\/wp-json\/wp\/v2\/comments?post=191"}],"version-history":[{"count":2,"href":"https:\/\/kynthiatravel.com\/index.php\/wp-json\/wp\/v2\/pages\/191\/revisions"}],"predecessor-version":[{"id":224,"href":"https:\/\/kynthiatravel.com\/index.php\/wp-json\/wp\/v2\/pages\/191\/revisions\/224"}],"wp:attachment":[{"href":"https:\/\/kynthiatravel.com\/index.php\/wp-json\/wp\/v2\/media?parent=191"}],"curies":[{"name":"wp","href":"https:\/\/api.w.org\/{rel}","templated":true}]}}